{"id":6,"date":"2025-06-24T20:51:26","date_gmt":"2025-06-24T19:51:26","guid":{"rendered":"https:\/\/prorocar.webs.upv.es\/?page_id=6"},"modified":"2025-07-05T11:54:47","modified_gmt":"2025-07-05T10:54:47","slug":"easysankey","status":"publish","type":"page","link":"https:\/\/prorocar.webs.upv.es\/index.php\/easysankey\/","title":{"rendered":"Autor &#8211; Keyword"},"content":{"rendered":"\n<p>Autor-Keyword<\/p>\n\n\n\n<p class=\"has-small-font-size\">Por favor cita esta web si usas EasySankey:<br>Orozco-Carpio, P. R. (2025). EasySankey. P\u00e1gina web: https:\/\/prorocar.webs.upv.es\/<\/p>\n\n\n\n<p class=\"has-cyan-bluish-gray-color has-text-color has-link-color has-small-font-size wp-elements-565ab4fd43f450773e9e50ec8472d6fc\">Please cite this tool if you use EasySankey: <br>Orozco-Carpio, P. R. (2025). EasySankey. Website: https:\/\/prorocar.webs.upv.es\/<\/p>\n\n\n\n<h1 class=\"wp-block-heading has-primary-background-color has-background has-large-font-size\">Generador de Tabla Autor-Keyword<\/h1>\n\n\n\n<details class=\"wp-block-details is-layout-flow wp-block-details-is-layout-flow\"><summary>Instrucciones<\/summary>\n<p class=\"has-secondary-color has-text-color has-link-color has-small-font-size wp-elements-b3487d4ef574b25ec60d7fe3d888089b\">Por ahora solo admite archivos CSV de Scopus.<br>Exporta los datos bibliom\u00e9tricos de Scopus incluyendo por lo menos Authors, Year, Citation count and Author keywords.<br>Sube la tabla descargada al Generador de Tabla Autor-Keyword.<br>Puedes aplicar un rango de a\u00f1os y un filtro por la cantidad de citas m\u00ednimas.<br>Luego de tener la cantidad deseada de art\u00edculos puedes generar una tabla que muestre la relaci\u00f3n de cada autor con las keywords que utiliza en sus trabajos.<br>Puedes descargar los valores \u00fanicos (de autor y keyword) para solucionar los problemas de t\u00e9rminos similares mediante la generaci\u00f3n de tus propios tesauros.<br>Los archivos CSV de Autores\/Keywords \u00fanicos contienen dos filas. Modifica en la segunda fila \u00abReplace by\u00bb solo los t\u00e9rminos que buscas cambiar (Ej. City = Cities), y deja el resto de t\u00e9rminos sin modificaci\u00f3n.<br>Sube y aplica el tesauro que modificaste.<br>Procura que el n\u00famero de autores y keywords \u00fanicos no sea tan elevado, ajusta los filtros de ser necesario.<br>Cuando tengas un resultado satisfactorio, descarga la tabla generada con las relaciones Autores &#8211; Palabras clave.<br>Podr\u00e1s utilizar la tabla para generar un Diagrama Sankey.<\/p>\n<\/details>\n\n\n\n<div class=\"scopus-processor\">\n  \n  <input type=\"file\" id=\"csvInput\" accept=\".csv\">\n  <button id=\"showOriginalBtn\">Mostrar tabla<\/button>\n\n  <div id=\"filters\" style=\"margin-top:10px;\">\n    <label>A\u00f1o m\u00ednimo: <input type=\"number\" id=\"yearMin\"><\/label>\n    <label>A\u00f1o m\u00e1ximo: <input type=\"number\" id=\"yearMax\"><\/label>\n    <label>Citaciones m\u00ednimas: <input type=\"number\" id=\"citationsMin\"><\/label>\n  <\/div>\n\n<!-- Add this right after your filter inputs (keep everything else) -->\n<button id=\"applyFiltersBtn\">Aplicar filtros<\/button>\n\n  <div id=\"originalTable\" style=\"margin-top: 20px;\"><\/div>\n\n  <div id=\"thesaurusAndDownloads\" style=\"margin-top: 10px;\">\n    <div>\n      <input type=\"file\" id=\"authorThesaurusInput\" accept=\".csv\">\n      <button id=\"applyAuthorThesaurusBtn\">Aplicar tesauro de autores<\/button>\n    <\/div>\n    <div style=\"margin-top: 10px;\">\n      <input type=\"file\" id=\"keywordThesaurusInput\" accept=\".csv\">\n      <button id=\"applyKeywordThesaurusBtn\">Aplicar tesauro de keywords<\/button>\n    <\/div>\n    <div id=\"downloads\" style=\"margin-top: 20px;\"><\/div>\n  <\/div>\n\n  <div style=\"margin-top: 10px;\">\n    <label>Frecuencia m\u00ednima de keyword: <input type=\"number\" id=\"keywordFreqMin\" value=\"1\"><\/label>\n    <button id=\"processBtn\">Mostrar relaci\u00f3n autor-keyword<\/button>\n  <\/div>\n\n  <div id=\"result\" style=\"margin-top: 20px;\"><\/div>\n  <div id=\"downloadFinal\" style=\"margin-top: 10px;\"><\/div>\n<\/div>\n\n\n\n<div class=\"wp-block-buttons is-layout-flex wp-block-buttons-is-layout-flex\">\n<div class=\"wp-block-button\"><a class=\"wp-block-button__link wp-element-button\" href=\"https:\/\/prorocar.webs.upv.es\/index.php\/easysankey-2\/\">Diagrama Sankey<\/a><\/div>\n<\/div>\n\n\n\n<p><\/p>\n","protected":false},"excerpt":{"rendered":"<p>Autor-Keyword Por favor cita esta web si usas EasySankey:Orozco-Carpio, P. R. (2025). EasySankey. P\u00e1gina web: https:\/\/prorocar.webs.upv.es\/ Please cite this tool if you use EasySankey: Orozco-Carpio, P. R. (2025). EasySankey. Website: https:\/\/prorocar.webs.upv.es\/ Generador de Tabla Autor-Keyword Mostrar tabla A\u00f1o m\u00ednimo: A\u00f1o m\u00e1ximo: Citaciones m\u00ednimas: Aplicar filtros Aplicar tesauro de autores Aplicar tesauro de keywords Frecuencia m\u00ednima [&hellip;]<\/p>\n","protected":false},"author":1,"featured_media":0,"parent":0,"menu_order":0,"comment_status":"closed","ping_status":"closed","template":"","meta":{"footnotes":""},"class_list":["post-6","page","type-page","status-publish","hentry"],"_links":{"self":[{"href":"https:\/\/prorocar.webs.upv.es\/index.php\/wp-json\/wp\/v2\/pages\/6","targetHints":{"allow":["GET"]}}],"collection":[{"href":"https:\/\/prorocar.webs.upv.es\/index.php\/wp-json\/wp\/v2\/pages"}],"about":[{"href":"https:\/\/prorocar.webs.upv.es\/index.php\/wp-json\/wp\/v2\/types\/page"}],"author":[{"embeddable":true,"href":"https:\/\/prorocar.webs.upv.es\/index.php\/wp-json\/wp\/v2\/users\/1"}],"replies":[{"embeddable":true,"href":"https:\/\/prorocar.webs.upv.es\/index.php\/wp-json\/wp\/v2\/comments?post=6"}],"version-history":[{"count":32,"href":"https:\/\/prorocar.webs.upv.es\/index.php\/wp-json\/wp\/v2\/pages\/6\/revisions"}],"predecessor-version":[{"id":91,"href":"https:\/\/prorocar.webs.upv.es\/index.php\/wp-json\/wp\/v2\/pages\/6\/revisions\/91"}],"wp:attachment":[{"href":"https:\/\/prorocar.webs.upv.es\/index.php\/wp-json\/wp\/v2\/media?parent=6"}],"curies":[{"name":"wp","href":"https:\/\/api.w.org\/{rel}","templated":true}]}}